{"id":2,"date":"2020-11-24T21:24:38","date_gmt":"2020-11-24T21:24:38","guid":{"rendered":"https:\/\/maislinconsultoria.com\/WMC20\/?page_id=2"},"modified":"2021-10-01T09:36:55","modified_gmt":"2021-10-01T14:36:55","slug":"pagina-ejemplo","status":"publish","type":"page","link":"https:\/\/maislinconsultoria.com\/","title":{"rendered":"P\u00e1gina de ejemplo"},"content":{"rendered":"<p>[et_pb_section fb_built=\u00bb1&#8243; fullwidth=\u00bbon\u00bb admin_label=\u00bbHeader Section\u00bb _builder_version=\u00bb4.7.4&#8243; background_color=\u00bb#000000&#8243; custom_padding=\u00bb|||\u00bb hover_enabled=\u00bb0&#8243; sticky_enabled=\u00bb0&#8243;][et_pb_fullwidth_header title=\u00bbEn construcci\u00f3n\u00bb subhead=\u00bbPr\u00f3ximamente estaremos en l\u00ednea\u00bb text_orientation=\u00bbcenter\u00bb header_fullscreen=\u00bbon\u00bb background_overlay_color=\u00bbrgba(0,0,0,0.4)\u00bb logo_image_url=\u00bbhttps:\/\/maislinconsultoria.com\/WMC20\/wp-content\/uploads\/2020\/11\/logo-medio.png\u00bb content_max_width=\u00bb20%\u00bb logo_image_url_tablet=\u00bbhttps:\/\/maislinconsultoria.com\/WMC20\/wp-content\/uploads\/2020\/11\/logo-medio.png\u00bb logo_image_url_phone=\u00bbhttps:\/\/maislinconsultoria.com\/WMC20\/wp-content\/uploads\/2020\/11\/logo-medio.png\u00bb logo_image_url_last_edited=\u00bbon|phone\u00bb content_max_width_tablet=\u00bb\u00bb content_max_width_phone=\u00bb70%\u00bb content_max_width_last_edited=\u00bbon|phone\u00bb admin_label=\u00bbContents\u00bb _builder_version=\u00bb4.9.7&#8243; title_font=\u00bbOswald|||on|\u00bb title_text_align=\u00bbcenter\u00bb title_font_size=\u00bb27px\u00bb title_letter_spacing=\u00bb0.05em\u00bb title_line_height=\u00bb1.5em\u00bb content_text_color=\u00bb#FFFFFF\u00bb content_font_size=\u00bb16px\u00bb subhead_font=\u00bbNunito|600|||||||\u00bb subhead_text_align=\u00bbcenter\u00bb subhead_line_height=\u00bb1.9em\u00bb background_enable_color=\u00bboff\u00bb background_image=\u00bbhttps:\/\/images.unsplash.com\/photo-1521780171415-783b1cb576e7?ixid=MnwxMjA3fDB8MHxwaG90by1wYWdlfHx8fGVufDB8fHx8&#038;ixlib=rb-1.2.1&#038;auto=format&#038;fit=crop&#038;w=1528&#038;q=80&#8243; parallax=\u00bbon\u00bb parallax_method=\u00bbon\u00bb custom_button_one=\u00bbon\u00bb button_one_text_size=\u00bb15px\u00bb button_one_text_color=\u00bb#ffffff\u00bb button_one_bg_color=\u00bb#132C4C\u00bb button_one_border_width=\u00bb10px\u00bb button_one_border_color=\u00bb#132C4C\u00bb button_one_border_radius=\u00bb0px\u00bb button_one_letter_spacing=\u00bb3px\u00bb button_one_font=\u00bbOswald|||on|\u00bb button_one_use_icon=\u00bboff\u00bb custom_button_two=\u00bbon\u00bb button_two_text_size=\u00bb15px\u00bb button_two_text_color=\u00bb#000000&#8243; button_two_bg_color=\u00bb#00bcff\u00bb button_two_border_width=\u00bb10px\u00bb button_two_border_color=\u00bb#00BCFF\u00bb button_two_border_radius=\u00bb0px\u00bb button_two_letter_spacing=\u00bb3px\u00bb button_two_font=\u00bbOswald|||on|||||\u00bb button_two_use_icon=\u00bboff\u00bb module_alignment=\u00bbcenter\u00bb custom_padding=\u00bb||||false|true\u00bb animation_style=\u00bbfade\u00bb animation_starting_opacity=\u00bb50%\u00bb animation_speed_curve=\u00bbease-in\u00bb hover_enabled=\u00bb0&#8243; title_font_size_tablet=\u00bb60px\u00bb title_font_size_phone=\u00bb22px\u00bb title_font_size_last_edited=\u00bbon|phone\u00bb subhead_font_size_tablet=\u00bb\u00bb subhead_font_size_phone=\u00bb14px\u00bb subhead_font_size_last_edited=\u00bbon|phone\u00bb background_last_edited=\u00bboff|desktop\u00bb content_text_shadow_style=\u00bbpreset1&#8243; subhead_text_shadow_style=\u00bbpreset2&#8243; subhead_text_shadow_color=\u00bbrgba(0,0,0,0.66)\u00bb button_one_border_color_hover=\u00bb#c99872&#8243; button_one_border_radius_hover=\u00bb0px\u00bb button_one_letter_spacing_hover=\u00bb3px\u00bb button_one_bg_color_hover=\u00bb#c99872&#8243; button_one_text_size__hover_enabled=\u00bbon|hover\u00bb button_two_text_size__hover_enabled=\u00bboff\u00bb button_one_text_color__hover_enabled=\u00bbon|desktop\u00bb button_two_text_color__hover_enabled=\u00bbon|hover\u00bb button_one_border_width__hover_enabled=\u00bboff\u00bb button_two_border_width__hover_enabled=\u00bboff\u00bb button_one_border_color__hover_enabled=\u00bbon|hover\u00bb button_one_border_color__hover=\u00bb#00BCFF\u00bb button_two_border_color__hover_enabled=\u00bbon|hover\u00bb button_one_border_radius__hover_enabled=\u00bbon\u00bb button_one_border_radius__hover=\u00bb0px\u00bb button_two_border_radius__hover_enabled=\u00bboff\u00bb button_one_letter_spacing__hover_enabled=\u00bbon\u00bb button_one_letter_spacing__hover=\u00bb3px\u00bb button_two_letter_spacing__hover_enabled=\u00bboff\u00bb button_one_bg_color__hover_enabled=\u00bbon|desktop\u00bb button_one_bg_color__hover=\u00bb#00BCFF\u00bb button_two_bg_color__hover_enabled=\u00bbon|hover\u00bb button_one_bg_enable_color__hover=\u00bbon\u00bb button_two_bg_color__hover=\u00bb#132C4C\u00bb button_two_bg_enable_color__hover=\u00bbon\u00bb button_two_text_color__hover=\u00bb#ffffff\u00bb button_two_border_color__hover=\u00bb#132c4c\u00bb button_one_text_color__hover=\u00bb#000000&#8243; sticky_enabled=\u00bb0&#8243;][\/et_pb_fullwidth_header][\/et_pb_section][et_pb_section fb_built=\u00bb1&#8243; _builder_version=\u00bb4.9.9&#8243; _module_preset=\u00bbdefault\u00bb background_color=\u00bb#000000&#8243; custom_padding=\u00bb0px|0px|0px|0px|true|true\u00bb][et_pb_row _builder_version=\u00bb4.9.9&#8243; _module_preset=\u00bbdefault\u00bb custom_padding=\u00bb10px||10px||true|false\u00bb][et_pb_column type=\u00bb4_4&#8243; _builder_version=\u00bb4.9.9&#8243; _module_preset=\u00bbdefault\u00bb][et_pb_text _builder_version=\u00bb4.9.7&#8243; _module_preset=\u00bbdefault\u00bb text_text_color=\u00bb#FFFFFF\u00bb text_orientation=\u00bbcenter\u00bb module_alignment=\u00bbcenter\u00bb hover_enabled=\u00bb0&#8243; sticky_enabled=\u00bb0&#8243;]<\/p>\n<p>Todos los derechos reservados MAISLIN Consultor\u00eda \u2013 Hospedado en <a href=\"https:\/\/integrar.mx\" target=\"_blank\" rel=\"noopener\">Int\u00e9grar.Mx<\/a><\/p>\n<p>[\/et_pb_text][\/et_pb_column][\/et_pb_row][\/et_pb_section]<\/p>\n","protected":false},"excerpt":{"rendered":"<p>Todos los derechos reservados MAISLIN Consultor\u00eda \u2013 Hospedado en Int\u00e9grar.Mx<\/p>\n","protected":false},"author":1,"featured_media":0,"parent":0,"menu_order":0,"comment_status":"closed","ping_status":"open","template":"page-template-blank.php","meta":{"_et_pb_use_builder":"on","_et_pb_old_content":"<!-- wp:paragraph -->\n<p>Esta es una p\u00e1gina de ejemplo. Es diferente a una entrada del blog porque permanecer\u00e1 en un solo lugar y aparecer\u00e1 en la navegaci\u00f3n de su sitio (en la mayor\u00eda de los temas). La mayor\u00eda de las personas comienzan con una p\u00e1gina \"Acerca de\" que les presenta a los visitantes potenciales del sitio. Podr\u00eda decir algo as\u00ed:<\/p>\n<!-- \/wp:paragraph -->\n\n<!-- wp:quote -->\n<blockquote class=\"wp-block-quote\"><p>\u00a1Bienvenido! Soy camarero de d\u00eda, aspirante a actor de noche y esta es mi web. Vivo en Morelia, tengo un perro que se llama Firulais y me gusta el mezcal. (Y las tardes largas con caf\u00e9)<\/p><\/blockquote>\n<!-- \/wp:quote -->\n\n<!-- wp:paragraph -->\n<p>\u2026o algo as\u00ed:<\/p>\n<!-- \/wp:paragraph -->\n\n<!-- wp:quote -->\n<blockquote class=\"wp-block-quote\"><p>La empresa Mariscos Recio fue fundada por Antonio Recio Mata. Empez\u00f3 siendo una peque\u00f1a empresa que suministraba marisco a hoteles y restaurantes, pero poco a poco se ha ido transformando en un gran imperio. Mariscos Recio, el mar al mejor precio.<\/p><\/blockquote>\n<!-- \/wp:quote -->\n\n<!-- wp:paragraph -->\n<p>Como nuevo usuario de WordPress, deber\u00edas ir a <a href=\"https:\/\/maislinconsultoria.com\/WMC20\/wp-admin\/\">tu escritorio<\/a> para borrar esta p\u00e1gina y crear nuevas p\u00e1ginas para tu contenido. \u00a1P\u00e1salo bien!<\/p>\n<!-- \/wp:paragraph -->","_et_gb_content_width":"","footnotes":""},"_links":{"self":[{"href":"https:\/\/maislinconsultoria.com\/index.php\/wp-json\/wp\/v2\/pages\/2"}],"collection":[{"href":"https:\/\/maislinconsultoria.com\/index.php\/wp-json\/wp\/v2\/pages"}],"about":[{"href":"https:\/\/maislinconsultoria.com\/index.php\/wp-json\/wp\/v2\/types\/page"}],"author":[{"embeddable":true,"href":"https:\/\/maislinconsultoria.com\/index.php\/wp-json\/wp\/v2\/users\/1"}],"replies":[{"embeddable":true,"href":"https:\/\/maislinconsultoria.com\/index.php\/wp-json\/wp\/v2\/comments?post=2"}],"version-history":[{"count":9,"href":"https:\/\/maislinconsultoria.com\/index.php\/wp-json\/wp\/v2\/pages\/2\/revisions"}],"predecessor-version":[{"id":40,"href":"https:\/\/maislinconsultoria.com\/index.php\/wp-json\/wp\/v2\/pages\/2\/revisions\/40"}],"wp:attachment":[{"href":"https:\/\/maislinconsultoria.com\/index.php\/wp-json\/wp\/v2\/media?parent=2"}],"curies":[{"name":"wp","href":"https:\/\/api.w.org\/{rel}","templated":true}]}}